{"id":1187,"date":"2024-02-16T13:14:42","date_gmt":"2024-02-16T12:14:42","guid":{"rendered":"https:\/\/thecooltourvip.com\/germany\/"},"modified":"2024-04-18T15:51:49","modified_gmt":"2024-04-18T13:51:49","slug":"germany","status":"publish","type":"page","link":"https:\/\/thecooltourvip.com\/en\/germany\/","title":{"rendered":"Germany"},"content":{"rendered":"<p>[et_pb_section fb_built=&#8221;1&#8243; custom_padding_last_edited=&#8221;on|phone&#8221; _builder_version=&#8221;4.24.3&#8243; _module_preset=&#8221;default&#8221; background_image=&#8221;https:\/\/thecooltourvip.com\/wp-content\/uploads\/2024\/02\/3098_berlin_brandenburger_tor_im_sonnenuntergang_leitmotiv_german_summer_cities.webp&#8221; custom_padding=&#8221;200px||||false|false&#8221; custom_padding_tablet=&#8221;200px||||false|false&#8221; custom_padding_phone=&#8221;50px||||false|false&#8221; global_colors_info=&#8221;{}&#8221;][et_pb_row column_structure=&#8221;2_3,1_3&#8243; use_custom_gutter=&#8221;on&#8221; gutter_width=&#8221;1&#8243; _builder_version=&#8221;4.24.1&#8243; _module_preset=&#8221;default&#8221; max_width=&#8221;1200px&#8221; global_colors_info=&#8221;{}&#8221;][et_pb_column type=&#8221;2_3&#8243; _builder_version=&#8221;4.23.1&#8243; _module_preset=&#8221;default&#8221; global_colors_info=&#8221;{}&#8221;][\/et_pb_column][et_pb_column type=&#8221;1_3&#8243; _builder_version=&#8221;4.24.1&#8243; _module_preset=&#8221;default&#8221; background_color=&#8221;rgba(0,0,0,0.33)&#8221; custom_padding=&#8221;150px|30px|30px|10px|false|false&#8221; border_width_all=&#8221;10px&#8221; border_color_all=&#8221;gcid-74287964-d2cd-4e56-a38a-7276e5f25c9e&#8221; global_colors_info=&#8221;{%22gcid-74287964-d2cd-4e56-a38a-7276e5f25c9e%22:%91%22border_color_all%22%93}&#8221;][et_pb_text _builder_version=&#8221;4.24.3&#8243; _module_preset=&#8221;default&#8221; header_font=&#8221;Oswald|700|||||||&#8221; header_text_align=&#8221;right&#8221; header_text_color=&#8221;gcid-74287964-d2cd-4e56-a38a-7276e5f25c9e&#8221; header_font_size=&#8221;48px&#8221; header_line_height=&#8221;58px&#8221; header_font_size_tablet=&#8221;48px&#8221; header_font_size_phone=&#8221;40px&#8221; header_font_size_last_edited=&#8221;on|phone&#8221; global_colors_info=&#8221;{%22gcid-74287964-d2cd-4e56-a38a-7276e5f25c9e%22:%91%22header_text_color%22%93}&#8221;]<\/p>\n<h1>PRIVATE TOURS IN GERMANY<\/h1>\n<p>[\/et_pb_text][\/et_pb_column][\/et_pb_row][\/et_pb_section][et_pb_section fb_built=&#8221;1&#8243; _builder_version=&#8221;4.23.1&#8243; _module_preset=&#8221;default&#8221; global_colors_info=&#8221;{}&#8221;][et_pb_row _builder_version=&#8221;4.24.1&#8243; _module_preset=&#8221;default&#8221; custom_margin=&#8221;||50px||false|false&#8221; global_colors_info=&#8221;{}&#8221;][et_pb_column type=&#8221;4_4&#8243; _builder_version=&#8221;4.23.1&#8243; _module_preset=&#8221;default&#8221; global_colors_info=&#8221;{}&#8221;][et_pb_text _builder_version=&#8221;4.24.3&#8243; _module_preset=&#8221;default&#8221; header_2_font=&#8221;Oswald|700|||||||&#8221; header_2_text_align=&#8221;center&#8221; header_2_font_size=&#8221;48px&#8221; header_2_line_height=&#8221;52px&#8221; width=&#8221;50%&#8221; width_tablet=&#8221;50%&#8221; width_phone=&#8221;100%&#8221; width_last_edited=&#8221;on|phone&#8221; module_alignment=&#8221;center&#8221; custom_margin=&#8221;||10px||false|false&#8221; header_2_font_size_tablet=&#8221;48px&#8221; header_2_font_size_phone=&#8221;40px&#8221; header_2_font_size_last_edited=&#8221;on|phone&#8221; global_colors_info=&#8221;{}&#8221;]<\/p>\n<h2>Discover our private tours through Germany<\/h2>\n<p>[\/et_pb_text][\/et_pb_column][\/et_pb_row][et_pb_row module_id=&#8221;Santiago&#8221; _builder_version=&#8221;4.24.1&#8243; _module_preset=&#8221;default&#8221; background_color=&#8221;gcid-74287964-d2cd-4e56-a38a-7276e5f25c9e&#8221; max_width=&#8221;1200px&#8221; custom_padding=&#8221;80px||80px||true|false&#8221; global_colors_info=&#8221;{%22gcid-74287964-d2cd-4e56-a38a-7276e5f25c9e%22:%91%22background_color%22%93}&#8221;][et_pb_column type=&#8221;4_4&#8243; _builder_version=&#8221;4.24.1&#8243; _module_preset=&#8221;default&#8221; global_colors_info=&#8221;{}&#8221;][\/et_pb_column][\/et_pb_row][et_pb_row column_structure=&#8221;1_3,1_3,1_3&#8243; _builder_version=&#8221;4.24.1&#8243; _module_preset=&#8221;default&#8221; width=&#8221;70%&#8221; custom_margin=&#8221;-200px||||false|false&#8221; global_colors_info=&#8221;{}&#8221;][et_pb_column type=&#8221;1_3&#8243; _builder_version=&#8221;4.23.1&#8243; _module_preset=&#8221;default&#8221; global_colors_info=&#8221;{}&#8221;][et_pb_image src=&#8221;https:\/\/thecooltourvip.com\/wp-content\/uploads\/2024\/02\/1000_F_285980155_tcEfHxYDrM9wIXIk44rR6TZvRXzxMkG6.png&#8221; title_text=&#8221;1000_F_285980155_tcEfHxYDrM9wIXIk44rR6TZvRXzxMkG6&#8243; url=&#8221;https:\/\/thecooltourvip.com\/en\/project\/berlin-monumental\/&#8221; align=&#8221;center&#8221; _builder_version=&#8221;4.24.1&#8243; _module_preset=&#8221;default&#8221; global_colors_info=&#8221;{}&#8221;][\/et_pb_image][et_pb_text _builder_version=&#8221;4.24.1&#8243; _module_preset=&#8221;default&#8221; header_3_font=&#8221;Oswald|700||on|||||&#8221; header_3_text_align=&#8221;center&#8221; header_3_text_color=&#8221;#000000&#8243; header_3_font_size=&#8221;20px&#8221; header_3_letter_spacing=&#8221;2px&#8221; custom_margin=&#8221;||0px||false|false&#8221; link_option_url=&#8221;https:\/\/thecooltourvip.com\/en\/project\/berlin-monumental\/&#8221; global_colors_info=&#8221;{}&#8221;]<\/p>\n<h3>Berl\u00edn Monumental<\/h3>\n<p>[\/et_pb_text][\/et_pb_column][et_pb_column type=&#8221;1_3&#8243; _builder_version=&#8221;4.23.1&#8243; _module_preset=&#8221;default&#8221; global_colors_info=&#8221;{}&#8221;][et_pb_image src=&#8221;https:\/\/thecooltourvip.com\/wp-content\/uploads\/2024\/02\/2696_activity_12783388_attach_2.png&#8221; title_text=&#8221;2696_activity_12783388_attach_2&#8243; url=&#8221;https:\/\/thecooltourvip.com\/en\/project\/alternative-tour\/&#8221; align=&#8221;center&#8221; _builder_version=&#8221;4.24.1&#8243; _module_preset=&#8221;default&#8221; global_colors_info=&#8221;{}&#8221;][\/et_pb_image][et_pb_text _builder_version=&#8221;4.24.1&#8243; _module_preset=&#8221;default&#8221; header_3_font=&#8221;Oswald|700||on|||||&#8221; header_3_text_align=&#8221;center&#8221; header_3_text_color=&#8221;#000000&#8243; header_3_font_size=&#8221;20px&#8221; header_3_letter_spacing=&#8221;2px&#8221; custom_margin=&#8221;||0px||false|false&#8221; link_option_url=&#8221;https:\/\/thecooltourvip.com\/en\/project\/alternative-tour\/&#8221; global_colors_info=&#8221;{}&#8221;]<\/p>\n<h3>Alternative Tour<\/h3>\n<p>[\/et_pb_text][\/et_pb_column][et_pb_column type=&#8221;1_3&#8243; _builder_version=&#8221;4.23.1&#8243; _module_preset=&#8221;default&#8221; global_colors_info=&#8221;{}&#8221;][et_pb_image src=&#8221;https:\/\/thecooltourvip.com\/wp-content\/uploads\/2024\/02\/2987_free-tour-muro-berlin-gerra-fria-3.png&#8221; title_text=&#8221;2987_free-tour-muro-berlin-gerra-fria-3&#8243; url=&#8221;https:\/\/thecooltourvip.com\/en\/project\/berlin-wall-and-cold-war\/&#8221; align=&#8221;center&#8221; _builder_version=&#8221;4.24.1&#8243; _module_preset=&#8221;default&#8221; global_colors_info=&#8221;{}&#8221;][\/et_pb_image][et_pb_text _builder_version=&#8221;4.24.1&#8243; _module_preset=&#8221;default&#8221; header_3_font=&#8221;Oswald|700||on|||||&#8221; header_3_text_align=&#8221;center&#8221; header_3_text_color=&#8221;#000000&#8243; header_3_font_size=&#8221;20px&#8221; header_3_letter_spacing=&#8221;2px&#8221; custom_margin=&#8221;||0px||false|false&#8221; link_option_url=&#8221;https:\/\/thecooltourvip.com\/en\/project\/berlin-wall-and-cold-war\/&#8221; global_colors_info=&#8221;{}&#8221;]<\/p>\n<h3>Berlin Wall and Cold War<\/h3>\n<p>[\/et_pb_text][\/et_pb_column][\/et_pb_row][et_pb_row column_structure=&#8221;1_3,1_3,1_3&#8243; _builder_version=&#8221;4.24.1&#8243; _module_preset=&#8221;default&#8221; width=&#8221;70%&#8221; custom_margin=&#8221;0px||||false|false&#8221; global_colors_info=&#8221;{}&#8221;][et_pb_column type=&#8221;1_3&#8243; _builder_version=&#8221;4.23.1&#8243; _module_preset=&#8221;default&#8221; global_colors_info=&#8221;{}&#8221;][et_pb_image src=&#8221;https:\/\/thecooltourvip.com\/wp-content\/uploads\/2024\/02\/2580_ficha-tour-sachsenhausen.png&#8221; title_text=&#8221;2580_ficha-tour-sachsenhausen&#8221; url=&#8221;https:\/\/thecooltourvip.com\/en\/project\/sachsenhausen-memorial-tour\/&#8221; align=&#8221;center&#8221; _builder_version=&#8221;4.24.1&#8243; _module_preset=&#8221;default&#8221; global_colors_info=&#8221;{}&#8221;][\/et_pb_image][et_pb_text _builder_version=&#8221;4.24.1&#8243; _module_preset=&#8221;default&#8221; header_3_font=&#8221;Oswald|700||on|||||&#8221; header_3_text_align=&#8221;center&#8221; header_3_text_color=&#8221;#000000&#8243; header_3_font_size=&#8221;20px&#8221; header_3_letter_spacing=&#8221;2px&#8221; custom_margin=&#8221;||0px||false|false&#8221; link_option_url=&#8221;https:\/\/thecooltourvip.com\/en\/project\/sachsenhausen-memorial-tour\/&#8221; global_colors_info=&#8221;{}&#8221;]<\/p>\n<h3>Sachsenhausen Memorial Tour<\/h3>\n<p>[\/et_pb_text][\/et_pb_column][et_pb_column type=&#8221;1_3&#8243; _builder_version=&#8221;4.23.1&#8243; _module_preset=&#8221;default&#8221; global_colors_info=&#8221;{}&#8221;][et_pb_image src=&#8221;https:\/\/thecooltourvip.com\/wp-content\/uploads\/2024\/02\/2706_amigos-haciendo-turismo-casco-antiguo.png&#8221; title_text=&#8221;2706_amigos-haciendo-turismo-casco-antiguo&#8221; url=&#8221;https:\/\/thecooltourvip.com\/en\/project\/jewish-quarter-and-interior-courtyards-tour\/&#8221; align=&#8221;center&#8221; _builder_version=&#8221;4.24.1&#8243; _module_preset=&#8221;default&#8221; global_colors_info=&#8221;{}&#8221;][\/et_pb_image][et_pb_text _builder_version=&#8221;4.24.1&#8243; _module_preset=&#8221;default&#8221; header_3_font=&#8221;Oswald|700||on|||||&#8221; header_3_text_align=&#8221;center&#8221; header_3_text_color=&#8221;#000000&#8243; header_3_font_size=&#8221;20px&#8221; header_3_letter_spacing=&#8221;2px&#8221; custom_margin=&#8221;||0px||false|false&#8221; link_option_url=&#8221;https:\/\/thecooltourvip.com\/en\/project\/jewish-quarter-and-interior-courtyards-tour\/&#8221; global_colors_info=&#8221;{}&#8221;]<\/p>\n<h3>Jewish Quarter and Inner Courtyards<\/h3>\n<p>[\/et_pb_text][\/et_pb_column][et_pb_column type=&#8221;1_3&#8243; _builder_version=&#8221;4.23.1&#8243; _module_preset=&#8221;default&#8221; global_colors_info=&#8221;{}&#8221;][et_pb_image src=&#8221;https:\/\/thecooltourvip.com\/wp-content\/uploads\/2024\/02\/3102_tour_de_la_cerveza_berlin.png&#8221; title_text=&#8221;3102_tour_de_la_cerveza_berlin&#8221; url=&#8221;https:\/\/thecooltourvip.com\/en\/project\/beer-tasting-tour\/&#8221; align=&#8221;center&#8221; _builder_version=&#8221;4.24.1&#8243; _module_preset=&#8221;default&#8221; global_colors_info=&#8221;{}&#8221;][\/et_pb_image][et_pb_text _builder_version=&#8221;4.24.1&#8243; _module_preset=&#8221;default&#8221; header_3_font=&#8221;Oswald|700||on|||||&#8221; header_3_text_align=&#8221;center&#8221; header_3_text_color=&#8221;#000000&#8243; header_3_font_size=&#8221;20px&#8221; header_3_letter_spacing=&#8221;2px&#8221; custom_margin=&#8221;||0px||false|false&#8221; link_option_url=&#8221;https:\/\/thecooltourvip.com\/en\/project\/beer-tasting-tour\/&#8221; locked=&#8221;off&#8221; global_colors_info=&#8221;{}&#8221;]<\/p>\n<h3>Beer history with tasting<\/h3>\n<p>[\/et_pb_text][\/et_pb_column][\/et_pb_row][et_pb_row column_structure=&#8221;1_3,1_3,1_3&#8243; _builder_version=&#8221;4.24.1&#8243; _module_preset=&#8221;default&#8221; width=&#8221;70%&#8221; custom_margin=&#8221;0px||||false|false&#8221; global_colors_info=&#8221;{}&#8221;][et_pb_column type=&#8221;1_3&#8243; _builder_version=&#8221;4.23.1&#8243; _module_preset=&#8221;default&#8221; global_colors_info=&#8221;{}&#8221;][et_pb_image src=&#8221;https:\/\/thecooltourvip.com\/wp-content\/uploads\/2024\/02\/3103_rio-spreed.png&#8221; title_text=&#8221;3103_rio-spreed&#8221; url=&#8221;https:\/\/thecooltourvip.com\/en\/project\/complete-berlin-tour\/&#8221; align=&#8221;center&#8221; _builder_version=&#8221;4.24.1&#8243; _module_preset=&#8221;default&#8221; global_colors_info=&#8221;{}&#8221;][\/et_pb_image][et_pb_text _builder_version=&#8221;4.24.1&#8243; _module_preset=&#8221;default&#8221; header_3_font=&#8221;Oswald|700||on|||||&#8221; header_3_text_align=&#8221;center&#8221; header_3_text_color=&#8221;#000000&#8243; header_3_font_size=&#8221;20px&#8221; header_3_letter_spacing=&#8221;2px&#8221; custom_margin=&#8221;||0px||false|false&#8221; link_option_url=&#8221;https:\/\/thecooltourvip.com\/en\/project\/complete-berlin-tour\/&#8221; global_colors_info=&#8221;{}&#8221;]<\/p>\n<h3>Complete Berlin Tour<\/h3>\n<p>[\/et_pb_text][\/et_pb_column][et_pb_column type=&#8221;1_3&#8243; _builder_version=&#8221;4.23.1&#8243; _module_preset=&#8221;default&#8221; global_colors_info=&#8221;{}&#8221;][et_pb_image src=&#8221;https:\/\/thecooltourvip.com\/wp-content\/uploads\/2024\/04\/low-angle-view-palace-sanssouci-1.jpg&#8221; title_text=&#8221;low-angle-view-palace-sanssouci&#8221; url=&#8221;https:\/\/thecooltourvip.com\/en\/project\/potsdam\/&#8221; align=&#8221;center&#8221; _builder_version=&#8221;4.24.3&#8243; _module_preset=&#8221;default&#8221; hover_enabled=&#8221;0&#8243; global_colors_info=&#8221;{}&#8221; sticky_enabled=&#8221;0&#8243;][\/et_pb_image][et_pb_text _builder_version=&#8221;4.24.3&#8243; _module_preset=&#8221;default&#8221; header_3_font=&#8221;Oswald|700||on|||||&#8221; header_3_text_align=&#8221;center&#8221; header_3_text_color=&#8221;#000000&#8243; header_3_font_size=&#8221;20px&#8221; header_3_letter_spacing=&#8221;2px&#8221; custom_margin=&#8221;||0px||false|false&#8221; link_option_url=&#8221;https:\/\/thecooltourvip.com\/en\/project\/potsdam\/&#8221; hover_enabled=&#8221;0&#8243; locked=&#8221;off&#8221; global_colors_info=&#8221;{}&#8221; sticky_enabled=&#8221;0&#8243;]<\/p>\n<h3>Postdam<\/h3>\n<p>[\/et_pb_text][\/et_pb_column][et_pb_column type=&#8221;1_3&#8243; _builder_version=&#8221;4.23.1&#8243; _module_preset=&#8221;default&#8221; global_colors_info=&#8221;{}&#8221;][et_pb_image src=&#8221;https:\/\/thecooltourvip.com\/wp-content\/uploads\/2024\/02\/2578_hombre-atras-metro-gente-metro.png&#8221; title_text=&#8221;2578_hombre-atras-metro-gente-metro&#8221; url=&#8221;https:\/\/thecooltourvip.com\/en\/contact\/&#8221; align=&#8221;center&#8221; _builder_version=&#8221;4.24.1&#8243; _module_preset=&#8221;default&#8221; global_colors_info=&#8221;{}&#8221;][\/et_pb_image][et_pb_text _builder_version=&#8221;4.24.1&#8243; _module_preset=&#8221;default&#8221; header_3_font=&#8221;Oswald|700||on|||||&#8221; header_3_text_align=&#8221;center&#8221; header_3_text_color=&#8221;#000000&#8243; header_3_font_size=&#8221;20px&#8221; header_3_letter_spacing=&#8221;2px&#8221; custom_margin=&#8221;||0px||false|false&#8221; link_option_url=&#8221;https:\/\/thecooltourvip.com\/en\/contact\/&#8221; locked=&#8221;off&#8221; global_colors_info=&#8221;{}&#8221;]<\/p>\n<h3>Customised guided tour<\/h3>\n<p>[\/et_pb_text][\/et_pb_column][\/et_pb_row][\/et_pb_section]<\/p>\n","protected":false},"excerpt":{"rendered":"<p>PRIVATE TOURS IN GERMANYDiscover our private tours through GermanyBerl\u00edn MonumentalAlternative TourBerlin Wall and Cold WarSachsenhausen Memorial TourJewish Quarter and Inner CourtyardsBeer history with tastingComplete Berlin TourPostdamCustomised guided tour<\/p>\n","protected":false},"author":1,"featured_media":0,"parent":0,"menu_order":0,"comment_status":"closed","ping_status":"closed","template":"","meta":{"_et_pb_use_builder":"on","_et_pb_old_content":"","_et_gb_content_width":"","footnotes":""},"class_list":["post-1187","page","type-page","status-publish","hentry"],"yoast_head":"<!-- This site is optimized with the Yoast SEO plugin v23.4 - https:\/\/yoast.com\/wordpress\/plugins\/seo\/ -->\n<title>Germany - The Cooltour by Culture&amp;Touring. Tours privados por Europa en Espa\u00f1ol, Ingles y Franc\u00e9s<\/title>\n<meta name=\"robots\" content=\"index, follow, max-snippet:-1, max-image-preview:large, max-video-preview:-1\" \/>\n<link rel=\"canonical\" href=\"https:\/\/thecooltourvip.com\/tours-alemania\/\" \/>\n<meta property=\"og:locale\" content=\"en_US\" \/>\n<meta property=\"og:type\" content=\"article\" \/>\n<meta property=\"og:title\" content=\"Germany - The Cooltour by Culture&amp;Touring. Tours privados por Europa en Espa\u00f1ol, Ingles y Franc\u00e9s\" \/>\n<meta property=\"og:description\" content=\"PRIVATE TOURS IN GERMANYDiscover our private tours through GermanyBerl\u00edn MonumentalAlternative TourBerlin Wall and Cold WarSachsenhausen Memorial TourJewish Quarter and Inner CourtyardsBeer history with tastingComplete Berlin TourPostdamCustomised guided tour\" \/>\n<meta property=\"og:url\" content=\"https:\/\/thecooltourvip.com\/tours-alemania\/\" \/>\n<meta property=\"og:site_name\" content=\"The Cooltour by Culture&amp;Touring. Tours privados por Europa en Espa\u00f1ol, Ingles y Franc\u00e9s\" \/>\n<meta property=\"article:modified_time\" content=\"2024-04-18T13:51:49+00:00\" \/>\n<meta name=\"twitter:card\" content=\"summary_large_image\" \/>\n<meta name=\"twitter:label1\" content=\"Est. reading time\" \/>\n\t<meta name=\"twitter:data1\" content=\"7 minutes\" \/>\n<script type=\"application\/ld+json\" class=\"yoast-schema-graph\">{\"@context\":\"https:\/\/schema.org\",\"@graph\":[{\"@type\":\"WebPage\",\"@id\":\"https:\/\/thecooltourvip.com\/tours-alemania\/\",\"url\":\"https:\/\/thecooltourvip.com\/tours-alemania\/\",\"name\":\"Germany - The Cooltour by Culture&amp;Touring. Tours privados por Europa en Espa\u00f1ol, Ingles y Franc\u00e9s\",\"isPartOf\":{\"@id\":\"https:\/\/thecooltourvip.com\/#website\"},\"datePublished\":\"2024-02-16T12:14:42+00:00\",\"dateModified\":\"2024-04-18T13:51:49+00:00\",\"breadcrumb\":{\"@id\":\"https:\/\/thecooltourvip.com\/tours-alemania\/#breadcrumb\"},\"inLanguage\":\"en-US\",\"potentialAction\":[{\"@type\":\"ReadAction\",\"target\":[\"https:\/\/thecooltourvip.com\/tours-alemania\/\"]}]},{\"@type\":\"BreadcrumbList\",\"@id\":\"https:\/\/thecooltourvip.com\/tours-alemania\/#breadcrumb\",\"itemListElement\":[{\"@type\":\"ListItem\",\"position\":1,\"name\":\"Portada\",\"item\":\"https:\/\/thecooltourvip.com\/\"},{\"@type\":\"ListItem\",\"position\":2,\"name\":\"Germany\"}]},{\"@type\":\"WebSite\",\"@id\":\"https:\/\/thecooltourvip.com\/#website\",\"url\":\"https:\/\/thecooltourvip.com\/\",\"name\":\"The Cooltour by Culture&amp;Touring. Tours privados por Europa en Espa\u00f1ol, Ingles y Franc\u00e9s\",\"description\":\"\",\"potentialAction\":[{\"@type\":\"SearchAction\",\"target\":{\"@type\":\"EntryPoint\",\"urlTemplate\":\"https:\/\/thecooltourvip.com\/?s={search_term_string}\"},\"query-input\":{\"@type\":\"PropertyValueSpecification\",\"valueRequired\":true,\"valueName\":\"search_term_string\"}}],\"inLanguage\":\"en-US\"}]}<\/script>\n<!-- \/ Yoast SEO plugin. -->","yoast_head_json":{"title":"Germany - The Cooltour by Culture&amp;Touring. Tours privados por Europa en Espa\u00f1ol, Ingles y Franc\u00e9s","robots":{"index":"index","follow":"follow","max-snippet":"max-snippet:-1","max-image-preview":"max-image-preview:large","max-video-preview":"max-video-preview:-1"},"canonical":"https:\/\/thecooltourvip.com\/tours-alemania\/","og_locale":"en_US","og_type":"article","og_title":"Germany - The Cooltour by Culture&amp;Touring. Tours privados por Europa en Espa\u00f1ol, Ingles y Franc\u00e9s","og_description":"PRIVATE TOURS IN GERMANYDiscover our private tours through GermanyBerl\u00edn MonumentalAlternative TourBerlin Wall and Cold WarSachsenhausen Memorial TourJewish Quarter and Inner CourtyardsBeer history with tastingComplete Berlin TourPostdamCustomised guided tour","og_url":"https:\/\/thecooltourvip.com\/tours-alemania\/","og_site_name":"The Cooltour by Culture&amp;Touring. Tours privados por Europa en Espa\u00f1ol, Ingles y Franc\u00e9s","article_modified_time":"2024-04-18T13:51:49+00:00","twitter_card":"summary_large_image","twitter_misc":{"Est. reading time":"7 minutes"},"schema":{"@context":"https:\/\/schema.org","@graph":[{"@type":"WebPage","@id":"https:\/\/thecooltourvip.com\/tours-alemania\/","url":"https:\/\/thecooltourvip.com\/tours-alemania\/","name":"Germany - The Cooltour by Culture&amp;Touring. Tours privados por Europa en Espa\u00f1ol, Ingles y Franc\u00e9s","isPartOf":{"@id":"https:\/\/thecooltourvip.com\/#website"},"datePublished":"2024-02-16T12:14:42+00:00","dateModified":"2024-04-18T13:51:49+00:00","breadcrumb":{"@id":"https:\/\/thecooltourvip.com\/tours-alemania\/#breadcrumb"},"inLanguage":"en-US","potentialAction":[{"@type":"ReadAction","target":["https:\/\/thecooltourvip.com\/tours-alemania\/"]}]},{"@type":"BreadcrumbList","@id":"https:\/\/thecooltourvip.com\/tours-alemania\/#breadcrumb","itemListElement":[{"@type":"ListItem","position":1,"name":"Portada","item":"https:\/\/thecooltourvip.com\/"},{"@type":"ListItem","position":2,"name":"Germany"}]},{"@type":"WebSite","@id":"https:\/\/thecooltourvip.com\/#website","url":"https:\/\/thecooltourvip.com\/","name":"The Cooltour by Culture&amp;Touring. Tours privados por Europa en Espa\u00f1ol, Ingles y Franc\u00e9s","description":"","potentialAction":[{"@type":"SearchAction","target":{"@type":"EntryPoint","urlTemplate":"https:\/\/thecooltourvip.com\/?s={search_term_string}"},"query-input":{"@type":"PropertyValueSpecification","valueRequired":true,"valueName":"search_term_string"}}],"inLanguage":"en-US"}]}},"_links":{"self":[{"href":"https:\/\/thecooltourvip.com\/en\/wp-json\/wp\/v2\/pages\/1187","targetHints":{"allow":["GET"]}}],"collection":[{"href":"https:\/\/thecooltourvip.com\/en\/wp-json\/wp\/v2\/pages"}],"about":[{"href":"https:\/\/thecooltourvip.com\/en\/wp-json\/wp\/v2\/types\/page"}],"author":[{"embeddable":true,"href":"https:\/\/thecooltourvip.com\/en\/wp-json\/wp\/v2\/users\/1"}],"replies":[{"embeddable":true,"href":"https:\/\/thecooltourvip.com\/en\/wp-json\/wp\/v2\/comments?post=1187"}],"version-history":[{"count":11,"href":"https:\/\/thecooltourvip.com\/en\/wp-json\/wp\/v2\/pages\/1187\/revisions"}],"predecessor-version":[{"id":1677,"href":"https:\/\/thecooltourvip.com\/en\/wp-json\/wp\/v2\/pages\/1187\/revisions\/1677"}],"wp:attachment":[{"href":"https:\/\/thecooltourvip.com\/en\/wp-json\/wp\/v2\/media?parent=1187"}],"curies":[{"name":"wp","href":"https:\/\/api.w.org\/{rel}","templated":true}]}}